{"id":873,"date":"2024-12-23T19:46:49","date_gmt":"2024-12-23T17:46:49","guid":{"rendered":"https:\/\/www.sgs-motorsport.ch\/?page_id=873"},"modified":"2024-12-23T19:47:37","modified_gmt":"2024-12-23T17:47:37","slug":"herzlich-willkommen","status":"publish","type":"page","link":"https:\/\/www.sgs-motorsport.ch\/","title":{"rendered":"Herzlich Willkommen"},"content":{"rendered":"\n<p>Wir sind eine Schraubgemeinschaft mit viel Begeisterung f\u00fcr das Detail. Auf unserer Internetseite m\u00f6chten wir euch \u00fcber aktuelle Projekte informieren und euch nat\u00fcrlich unsere Autos sowie unsere Arbeit in der Garage vorstellen. Unsere wertvollsten Sch\u00e4tze sind unsere BMW E30, aber schau dich doch gleich selber auf unserer Seite um!<\/p>\n\n\n\n<p><em>Viel Spass auf SGS-Motorsport.ch w\u00fcnschen euch: Sebastian, Markus und Roland<\/em><\/p>\n\n\n\n<figure class=\"wp-block-image\"><a href=\"https:\/\/www.sgs-motorsport.ch\/wp-content\/uploads\/dsc09554.jpg\"><img loading=\"lazy\" decoding=\"async\" width=\"244\" height=\"184\" src=\"https:\/\/www.sgs-motorsport.ch\/wp-content\/uploads\/dsc09554_thumb-1.jpg\" alt=\"dsc09554\" class=\"wp-image-874\" title=\"dsc09554\"\/><\/a><\/figure>\n","protected":false},"excerpt":{"rendered":"<p>Wir sind eine Schraubgemeinschaft mit viel Begeisterung f\u00fcr das Detail. Auf unserer Internetseite m\u00f6chten wir euch \u00fcber aktuelle Projekte informieren und euch nat\u00fcrlich unsere Autos sowie unsere Arbeit in der Garage vorstellen. Unsere wertvollsten Sch\u00e4tze sind unsere BMW E30, aber <a class=\"more-link\" href=\"https:\/\/www.sgs-motorsport.ch\/\"><span class=\"screen-reader-text\">  Herzlich Willkommen<\/span> weiterlesen<span class=\"meta-nav\">&rarr;<\/span><\/a><\/p>\n","protected":false},"author":4,"featured_media":0,"parent":0,"menu_order":0,"comment_status":"closed","ping_status":"closed","template":"","meta":{"ngg_post_thumbnail":0,"footnotes":""},"class_list":["post-873","page","type-page","status-publish","hentry"],"aioseo_notices":[],"_links":{"self":[{"href":"https:\/\/www.sgs-motorsport.ch\/index.php?rest_route=\/wp\/v2\/pages\/873","targetHints":{"allow":["GET"]}}],"collection":[{"href":"https:\/\/www.sgs-motorsport.ch\/index.php?rest_route=\/wp\/v2\/pages"}],"about":[{"href":"https:\/\/www.sgs-motorsport.ch\/index.php?rest_route=\/wp\/v2\/types\/page"}],"author":[{"embeddable":true,"href":"https:\/\/www.sgs-motorsport.ch\/index.php?rest_route=\/wp\/v2\/users\/4"}],"replies":[{"embeddable":true,"href":"https:\/\/www.sgs-motorsport.ch\/index.php?rest_route=%2Fwp%2Fv2%2Fcomments&post=873"}],"version-history":[{"count":2,"href":"https:\/\/www.sgs-motorsport.ch\/index.php?rest_route=\/wp\/v2\/pages\/873\/revisions"}],"predecessor-version":[{"id":877,"href":"https:\/\/www.sgs-motorsport.ch\/index.php?rest_route=\/wp\/v2\/pages\/873\/revisions\/877"}],"wp:attachment":[{"href":"https:\/\/www.sgs-motorsport.ch\/index.php?rest_route=%2Fwp%2Fv2%2Fmedia&parent=873"}],"curies":[{"name":"wp","href":"https:\/\/api.w.org\/{rel}","templated":true}]}}