{"id":149,"date":"2012-10-11T10:34:15","date_gmt":"2012-10-11T08:34:15","guid":{"rendered":"https:\/\/www.sgs-motorsport.ch\/?page_id=149"},"modified":"2012-10-11T15:12:18","modified_gmt":"2012-10-11T13:12:18","slug":"geschichte-2","status":"publish","type":"page","link":"https:\/\/www.sgs-motorsport.ch\/?page_id=149","title":{"rendered":"Geschichte"},"content":{"rendered":"<p>Januar 2005: Endlich ist eine Schrauberhalle gefunden. Nach jahrelanger Suche und stundenlangen unters Auto kriechen bei Wind und Wetter. Sie sieht so gross aus! Noch\u2026<\/p>\n<p><a href=\"https:\/\/www.sgs-motorsport.ch\/?attachment_id=177\" rel=\"attachment wp-att-177\"><img loading=\"lazy\" decoding=\"async\" class=\"alignnone size-full wp-image-177\" title=\"1\" src=\"https:\/\/www.sgs-motorsport.ch\/wp-content\/uploads\/11.jpg\" alt=\"\" width=\"420\" height=\"315\" srcset=\"https:\/\/www.sgs-motorsport.ch\/wp-content\/uploads\/11.jpg 420w, https:\/\/www.sgs-motorsport.ch\/wp-content\/uploads\/11-300x225.jpg 300w\" sizes=\"auto, (max-width: 420px) 100vw, 420px\" \/><\/a><\/p>\n<p><a href=\"https:\/\/www.sgs-motorsport.ch\/?attachment_id=179\" rel=\"attachment wp-att-179\"><img loading=\"lazy\" decoding=\"async\" class=\"alignnone size-full wp-image-179\" title=\"2\" src=\"https:\/\/www.sgs-motorsport.ch\/wp-content\/uploads\/21.jpg\" alt=\"\" width=\"431\" height=\"323\" srcset=\"https:\/\/www.sgs-motorsport.ch\/wp-content\/uploads\/21.jpg 431w, https:\/\/www.sgs-motorsport.ch\/wp-content\/uploads\/21-300x224.jpg 300w\" sizes=\"auto, (max-width: 431px) 100vw, 431px\" \/><\/a><\/p>\n<p>Das ist das erste Projekt in unserer neuen Hobbywerkstatt. Ein Orig. Fiat Ritmo 125tc Abarth der 2.Serie. Zu diesem Zeitpunkt habe ich noch einen roten 1.Serie Ritmo Abarth den ich damals restaurieren wollte. Mit grosser Hingabe wurde die Restauration der 2.Serie angefangen. Leider kamen mit der Zeit immer gr\u00f6ssere Rostherde unter diversen Abdeckungen zum Vorschein. Es wurde eines der l\u00e4ngsten Restaurationsprojekten &#8211; bis zur Fertigstellung vergingen Jahre\u2026<\/p>\n<p><a href=\"https:\/\/www.sgs-motorsport.ch\/?attachment_id=180\" rel=\"attachment wp-att-180\"><img loading=\"lazy\" decoding=\"async\" class=\"alignnone size-full wp-image-180\" title=\"3\" src=\"https:\/\/www.sgs-motorsport.ch\/wp-content\/uploads\/31.jpg\" alt=\"\" width=\"432\" height=\"325\" srcset=\"https:\/\/www.sgs-motorsport.ch\/wp-content\/uploads\/31.jpg 432w, https:\/\/www.sgs-motorsport.ch\/wp-content\/uploads\/31-300x225.jpg 300w\" sizes=\"auto, (max-width: 432px) 100vw, 432px\" \/><\/a><\/p>\n<p>Zwischendurch kamen selbstverst\u00e4ndlich immer mal wieder andere Autos und Interessen.<\/p>\n<p>Improvisationen bei gr\u00f6sseren Blechraparaturen sind immer gefragt. Hier ein Fiat Panda 4&#215;4 im Juni 2006.<\/p>\n<p><a href=\"https:\/\/www.sgs-motorsport.ch\/?attachment_id=181\" rel=\"attachment wp-att-181\"><img loading=\"lazy\" decoding=\"async\" class=\"alignnone size-full wp-image-181\" title=\"4\" src=\"https:\/\/www.sgs-motorsport.ch\/wp-content\/uploads\/4.jpg\" alt=\"\" width=\"439\" height=\"327\" srcset=\"https:\/\/www.sgs-motorsport.ch\/wp-content\/uploads\/4.jpg 439w, https:\/\/www.sgs-motorsport.ch\/wp-content\/uploads\/4-300x223.jpg 300w\" sizes=\"auto, (max-width: 439px) 100vw, 439px\" \/><\/a><\/p>\n<p>Dieser Fiat 124 Us-Import Spyder 1800 hat uns einiges abverlangt bis er Schweizer MFK erhielt. Mein Vater Christian Schoch hat dieses Fahrzeug von Grund auf \u00fcberhohlt. Die Karrosse hatte dank Arizona-Sonne absolut keine Rostbildung! Aber daf\u00fcr mechanisch sehr gelitten. Am Tellerrad der Hinterachse hat z.b ein Zahn gefehtl! Des weiteren musste die Karrosse auf die Richtbank wegen unsachgem\u00e4sser H\u00fcgelfahrt.<\/p>\n<p>Im Sommer 2006 war dieser Spyder dann mein treuer Begleiter. Jedesmal bei Sonnenschein wurde das Dach in Sekundenschnelle ge\u00f6ffnet. Herrlich!<\/p>\n<p><a href=\"https:\/\/www.sgs-motorsport.ch\/?attachment_id=182\" rel=\"attachment wp-att-182\"><img loading=\"lazy\" decoding=\"async\" class=\"alignnone size-full wp-image-182\" title=\"5\" src=\"https:\/\/www.sgs-motorsport.ch\/wp-content\/uploads\/5.jpg\" alt=\"\" width=\"445\" height=\"334\" srcset=\"https:\/\/www.sgs-motorsport.ch\/wp-content\/uploads\/5.jpg 445w, https:\/\/www.sgs-motorsport.ch\/wp-content\/uploads\/5-300x225.jpg 300w\" sizes=\"auto, (max-width: 445px) 100vw, 445px\" \/><\/a><br \/>\n<a href=\"https:\/\/www.sgs-motorsport.ch\/?attachment_id=183\" rel=\"attachment wp-att-183\"><img loading=\"lazy\" decoding=\"async\" class=\"alignnone size-full wp-image-183\" title=\"6\" src=\"https:\/\/www.sgs-motorsport.ch\/wp-content\/uploads\/6.jpg\" alt=\"\" width=\"422\" height=\"320\" srcset=\"https:\/\/www.sgs-motorsport.ch\/wp-content\/uploads\/6.jpg 422w, https:\/\/www.sgs-motorsport.ch\/wp-content\/uploads\/6-300x227.jpg 300w\" sizes=\"auto, (max-width: 422px) 100vw, 422px\" \/><\/a><\/p>\n<p>Das ist ein seltener Steyer Puch Haflinger 4-Pl\u00e4tzer. Diesen hat Christian mit niegelnagelneuer Plattform neu aufgebaut. Nat\u00fcrlich wurden alle Sicken und andere Karrosseriespezifischen teile originalgetreu wiederhergestellt. Die Mechanik wurde ebenfalls Teil\u00fcberholt. Getriebe und Motor aber nur neu abgedichtet. Eigentlich hatten wir mal geplant den Haflinger als 45km\/h vorzuf\u00fchren. Als ich aber zu diesem Zeitpunkt bereits den F\u00fchrerschein hatte wurde er verkauft, da das Fahrgef\u00fchl nicht gerade unseren Anspr\u00fcchen entsprach und leider keine Gel\u00e4ndepiste in n\u00e4chster N\u00e4he ist.<\/p>\n<p><a href=\"https:\/\/www.sgs-motorsport.ch\/?attachment_id=184\" rel=\"attachment wp-att-184\"><img loading=\"lazy\" decoding=\"async\" class=\"alignnone size-full wp-image-184\" title=\"7\" src=\"https:\/\/www.sgs-motorsport.ch\/wp-content\/uploads\/7.jpg\" alt=\"\" width=\"422\" height=\"318\" srcset=\"https:\/\/www.sgs-motorsport.ch\/wp-content\/uploads\/7.jpg 422w, https:\/\/www.sgs-motorsport.ch\/wp-content\/uploads\/7-300x226.jpg 300w\" sizes=\"auto, (max-width: 422px) 100vw, 422px\" \/><\/a><\/p>\n<p>Im Herbst 2005 sind wir im Gespr\u00e4ch mit einem guten Bekannten irgendwie auf dessen M3 E30 gekommen. Damals in 2ter Hand, obwohl der Bekannte den M3 eigentlich nie eingel\u00f6st hatte und nur ab und zu als Sonntagswagen nutzte, ca. 184000km, immer super gepflegt, jede Rechnung inkl. Kaufvertrag als Neuwagen und immer Castrol RS. Super Vorgeschichte!<\/p>\n<p>Ehrlichgesagt hatte ich bis damals nicht alzu viel \u00fcber diese Autos gewusst. Nat\u00fcrlich schon geschw\u00e4rmt und gestaunt wenn unser Heizungsinstalateur mit seinem roten Cecotto und den gl\u00e4nzenden BBS RS Felgen an mir vorbeigefahren ist, wenn ich auf dem Heimweg von der Schule war. Oder als wir so ca. 2003 ein Sportgetriebe f\u00fcr unseren BMW 525-3,3i Heidegger suchten und wir bei Fabian Sigwart (<a href=\"http:\/\/tecofsracing.com\/\">http:\/\/tecofsracing.com\/<\/a>) einen richtigen Fan und Kenner gefunden haben und er uns gesagt hat dass wir mit einem M3 E30 vom Fahrverhalten und Dynamik am besten bedient w\u00e4ren. Wie recht er damals hatte! Wahnsinn. Aber damals hatten wir halt einen E12 zum fahren und M3 ist eine andere Liga.<\/p>\n<p>Ja am 31.5.2006 stand dann dieses wunderbare Auto bei mir. Mein erster M3! Naja einiges zu machen gab es nat\u00fcrlich schon. Da w\u00e4ren z.b. der Windfang der total gerostet hat. Aber zum Gl\u00fcck nur wegen unsachgem\u00e4sser handhabung beim letzten Frontscheibenwechsel und halt so die \u00fcblichen stellen: Nummernbeleuchtung und Wagenheberaufnahme vorn. Der gr\u00f6sste Teil haben mein Vater Christian und ich selber gemacht. Nur den neuen Windfang einl\u00f6ten und schweissen \u00fcberliessen wir gerne unserem Partner f\u00fcr Malerei Carrossier Pfister in Herisau (<a href=\"http:\/\/www.pfister-ag.ch\">http:\/\/www.pfister-ag.ch<\/a>).<\/p>\n<p><a href=\"https:\/\/www.sgs-motorsport.ch\/?attachment_id=185\" rel=\"attachment wp-att-185\"><img loading=\"lazy\" decoding=\"async\" class=\"alignnone size-full wp-image-185\" title=\"8\" src=\"https:\/\/www.sgs-motorsport.ch\/wp-content\/uploads\/8.jpg\" alt=\"\" width=\"439\" height=\"327\" srcset=\"https:\/\/www.sgs-motorsport.ch\/wp-content\/uploads\/8.jpg 439w, https:\/\/www.sgs-motorsport.ch\/wp-content\/uploads\/8-300x223.jpg 300w\" sizes=\"auto, (max-width: 439px) 100vw, 439px\" \/><\/a><\/p>\n<p><a href=\"https:\/\/www.sgs-motorsport.ch\/?attachment_id=186\" rel=\"attachment wp-att-186\"><img loading=\"lazy\" decoding=\"async\" class=\"alignnone size-full wp-image-186\" title=\"9\" src=\"https:\/\/www.sgs-motorsport.ch\/wp-content\/uploads\/9.jpg\" alt=\"\" width=\"403\" height=\"298\" srcset=\"https:\/\/www.sgs-motorsport.ch\/wp-content\/uploads\/9.jpg 403w, https:\/\/www.sgs-motorsport.ch\/wp-content\/uploads\/9-300x221.jpg 300w\" sizes=\"auto, (max-width: 403px) 100vw, 403px\" \/><\/a><\/p>\n<p>Das defekte Heizelement zwang mich, den gesammten Bodenteppich auszubauen und von Frostschutz zu entfernen. Dabei werden nat\u00fcrlich auch alle noch so kleinen Rostbl\u00e4sschen entfernt.<\/p>\n<p><a href=\"https:\/\/www.sgs-motorsport.ch\/?attachment_id=187\" rel=\"attachment wp-att-187\"><img loading=\"lazy\" decoding=\"async\" class=\"alignnone size-full wp-image-187\" title=\"10\" src=\"https:\/\/www.sgs-motorsport.ch\/wp-content\/uploads\/10.jpg\" alt=\"\" width=\"454\" height=\"339\" srcset=\"https:\/\/www.sgs-motorsport.ch\/wp-content\/uploads\/10.jpg 454w, https:\/\/www.sgs-motorsport.ch\/wp-content\/uploads\/10-300x224.jpg 300w\" sizes=\"auto, (max-width: 454px) 100vw, 454px\" \/><\/a><\/p>\n<p><a href=\"https:\/\/www.sgs-motorsport.ch\/?attachment_id=188\" rel=\"attachment wp-att-188\"><img loading=\"lazy\" decoding=\"async\" class=\"alignnone size-full wp-image-188\" title=\"11\" src=\"https:\/\/www.sgs-motorsport.ch\/wp-content\/uploads\/111.jpg\" alt=\"\" width=\"413\" height=\"308\" srcset=\"https:\/\/www.sgs-motorsport.ch\/wp-content\/uploads\/111.jpg 413w, https:\/\/www.sgs-motorsport.ch\/wp-content\/uploads\/111-300x223.jpg 300w\" sizes=\"auto, (max-width: 413px) 100vw, 413px\" \/><\/a><\/p>\n<p><a href=\"https:\/\/www.sgs-motorsport.ch\/?attachment_id=189\" rel=\"attachment wp-att-189\"><img loading=\"lazy\" decoding=\"async\" class=\"alignnone size-full wp-image-189\" title=\"12\" src=\"https:\/\/www.sgs-motorsport.ch\/wp-content\/uploads\/12.jpg\" alt=\"\" width=\"422\" height=\"318\" srcset=\"https:\/\/www.sgs-motorsport.ch\/wp-content\/uploads\/12.jpg 422w, https:\/\/www.sgs-motorsport.ch\/wp-content\/uploads\/12-300x226.jpg 300w\" sizes=\"auto, (max-width: 422px) 100vw, 422px\" \/><\/a><\/p>\n<p>Bereit f\u00fcr dem Spengler. Sieht ein bisschen traurig aus\u2026<\/p>\n<p><a href=\"https:\/\/www.sgs-motorsport.ch\/?attachment_id=190\" rel=\"attachment wp-att-190\"><img loading=\"lazy\" decoding=\"async\" class=\"alignnone size-full wp-image-190\" title=\"13\" src=\"https:\/\/www.sgs-motorsport.ch\/wp-content\/uploads\/13.jpg\" alt=\"\" width=\"476\" height=\"357\" srcset=\"https:\/\/www.sgs-motorsport.ch\/wp-content\/uploads\/13.jpg 476w, https:\/\/www.sgs-motorsport.ch\/wp-content\/uploads\/13-300x225.jpg 300w\" sizes=\"auto, (max-width: 476px) 100vw, 476px\" \/><\/a><\/p>\n<p>Kaum vom Maler zur\u00fcck wird das komplette Auto mit Hohlraumwachs behandelt. Auch wenn andere auf Fett schw\u00f6ren ist mir der Wachs irgendwie sympatisch. Und riecht um einiges besser. Dann musste die Technik daran glauben. F\u00fcr eine Teilrestauration musste erstaunlicherweise nicht alzu viel ersetzt werden. Dabei waren Bremszangen vorne, die Hinteren wurden von mir revidiert, Getriebeaufh\u00e4ngungslager, Scheinwerfer, Stossd\u00e4mpfer wurden erstmals durch Koni und sp\u00e4ter durch Gruppe N von Bilstein ersetzt. Die Oelwanne sowie das Getriebe wurden neu abgedichtet. Alles richtig gereinigt und original zusammengebaut und der M3 strahlt mit herrlicher Patina\u2026<\/p>\n<p><a href=\"https:\/\/www.sgs-motorsport.ch\/?attachment_id=191\" rel=\"attachment wp-att-191\"><img loading=\"lazy\" decoding=\"async\" class=\"alignnone size-full wp-image-191\" title=\"14\" src=\"https:\/\/www.sgs-motorsport.ch\/wp-content\/uploads\/14.jpg\" alt=\"\" width=\"470\" height=\"351\" srcset=\"https:\/\/www.sgs-motorsport.ch\/wp-content\/uploads\/14.jpg 470w, https:\/\/www.sgs-motorsport.ch\/wp-content\/uploads\/14-300x224.jpg 300w\" sizes=\"auto, (max-width: 470px) 100vw, 470px\" \/><\/a><\/p>\n<p><a href=\"https:\/\/www.sgs-motorsport.ch\/?attachment_id=192\" rel=\"attachment wp-att-192\"><img loading=\"lazy\" decoding=\"async\" class=\"alignnone size-full wp-image-192\" title=\"15\" src=\"https:\/\/www.sgs-motorsport.ch\/wp-content\/uploads\/15.jpg\" alt=\"\" width=\"493\" height=\"368\" srcset=\"https:\/\/www.sgs-motorsport.ch\/wp-content\/uploads\/15.jpg 493w, https:\/\/www.sgs-motorsport.ch\/wp-content\/uploads\/15-300x223.jpg 300w\" sizes=\"auto, (max-width: 493px) 100vw, 493px\" \/><\/a><\/p>\n<p>Hier seht ihr meinen M3 bereit f\u00fcr die MFK. Super wie der Schatten die Kanten des M3 hervorholt\u2026 Die Felgen auf dem Foto sind keine BBS, die waren mir einfach zu Komerz, das sind Zeitgen\u00f6ssische ACT Leitmetallfelgen. Da ich ein Fan von originalen Autos bin, ist mir wichtig dass alles seine Richtigkeit hat und es musste nicht Geb\u00f6rtelt werden.<\/p>\n<p><a href=\"https:\/\/www.sgs-motorsport.ch\/?attachment_id=194\" rel=\"attachment wp-att-194\"><img loading=\"lazy\" decoding=\"async\" class=\"alignnone size-full wp-image-194\" title=\"16\" src=\"https:\/\/www.sgs-motorsport.ch\/wp-content\/uploads\/16.jpg\" alt=\"\" width=\"427\" height=\"328\" srcset=\"https:\/\/www.sgs-motorsport.ch\/wp-content\/uploads\/16.jpg 427w, https:\/\/www.sgs-motorsport.ch\/wp-content\/uploads\/16-300x230.jpg 300w\" sizes=\"auto, (max-width: 427px) 100vw, 427px\" \/><\/a><\/p>\n<p>Und was wurde wohl auf der MFK beanstandet? Genau die 8,5&#215;16\u2018\u2018 Felgen\u2026 was f\u00fcr eine Panne. Der Experte hat einen Schlag im \u00e4usseren Bett HR bemerkt. Naja Sicherheit geht vor, dann wurden diese halt eben repariert.<\/p>\n<p>Eigentlich hatte ich ja den M3 gekauft um ab und zu auf der Rennstrecke zu bewegen. Daf\u00fcr wurden die Autos ja schliesslich gebaut. Also musste ein anst\u00e4ndiger Sitz und ein fahrerorientiertes Sportlenkrad rein um vollst\u00e4ndige Kontrolle \u00fcber das Fahrzeug zu haben. F\u00fcr die Sicherheit dient ein 3\u201c 4-Punkt Gurt. Nat\u00fclich alles r\u00fcckr\u00fcstbar. Obwohl ich nicht genau sagen kann was Original ist und was nicht. Ist nun Original wie er ab Band lief oder wie Ihn der 1.Besitzer fuhr? Ich habe n\u00e4mlich eine Rechnung von damals von einem Sportlenkrad das ich noch immer besitze und eine Verbindungstrebe f\u00fcr die vorderen Dome\u2026 Gurt\u00f6sen f\u00fcr den Sportgurt waren auch noch von dem 1.Besitzer Vorhanden\u2026<\/p>\n<p>So weit so gut, das Auto ist frisch gepr\u00fcft und es werden einige Kilometer in Angriff genommen. Das Auto f\u00e4hrt sich super! Ob auf den 15j\u00e4hrigen 15\u201c Reifen oder auf den Semislicks von Yokohama. Einfach nur geil! Man hat \u00fcberhaupt nicht das Gef\u00fchl in einem Auto vom Jahr 1987 mit fast 190000km zu sitzen. Absolut knackig und kein knarzen. Nur die D\u00e4mmatte an der Stirnwand h\u00e4tte ich wohl besser wieder montiert. Daf\u00fcr ist das sch\u00f6ne metallische Klingen vom Motor wunderbar h\u00f6rbar. Nein keine Angst keine Pleuellager oder Steuerkettenrasseln. Dieses Auto ist eines meiner besten Errungenschaften.<\/p>\n<p>Ausfahrt mit Freunden auf Malbun und Schw\u00e4galp im Juni 2007.<br \/>\n<a href=\"https:\/\/www.sgs-motorsport.ch\/?attachment_id=195\" rel=\"attachment wp-att-195\"><img loading=\"lazy\" decoding=\"async\" class=\"alignnone size-full wp-image-195\" title=\"17\" src=\"https:\/\/www.sgs-motorsport.ch\/wp-content\/uploads\/17.jpg\" alt=\"\" width=\"413\" height=\"311\" srcset=\"https:\/\/www.sgs-motorsport.ch\/wp-content\/uploads\/17.jpg 413w, https:\/\/www.sgs-motorsport.ch\/wp-content\/uploads\/17-300x225.jpg 300w\" sizes=\"auto, (max-width: 413px) 100vw, 413px\" \/><\/a><\/p>\n<p><a href=\"https:\/\/www.sgs-motorsport.ch\/?attachment_id=196\" rel=\"attachment wp-att-196\"><img loading=\"lazy\" decoding=\"async\" class=\"alignnone size-full wp-image-196\" title=\"18\" src=\"https:\/\/www.sgs-motorsport.ch\/wp-content\/uploads\/18.jpg\" alt=\"\" width=\"476\" height=\"353\" srcset=\"https:\/\/www.sgs-motorsport.ch\/wp-content\/uploads\/18.jpg 476w, https:\/\/www.sgs-motorsport.ch\/wp-content\/uploads\/18-300x222.jpg 300w\" sizes=\"auto, (max-width: 476px) 100vw, 476px\" \/><\/a><\/p>\n<p><a href=\"https:\/\/www.sgs-motorsport.ch\/?attachment_id=197\" rel=\"attachment wp-att-197\"><img loading=\"lazy\" decoding=\"async\" class=\"alignnone size-full wp-image-197\" title=\"19\" src=\"https:\/\/www.sgs-motorsport.ch\/wp-content\/uploads\/19.jpg\" alt=\"\" width=\"407\" height=\"229\" srcset=\"https:\/\/www.sgs-motorsport.ch\/wp-content\/uploads\/19.jpg 407w, https:\/\/www.sgs-motorsport.ch\/wp-content\/uploads\/19-300x168.jpg 300w\" sizes=\"auto, (max-width: 407px) 100vw, 407px\" \/><\/a><\/p>\n<p>Hier ist das Fahrzeug mal mit den selten Felgen vom M5 E28 frisch vom Polieren zur\u00fcck.<\/p>\n<p><a href=\"https:\/\/www.sgs-motorsport.ch\/?attachment_id=198\" rel=\"attachment wp-att-198\"><img loading=\"lazy\" decoding=\"async\" class=\"alignnone size-full wp-image-198\" title=\"20\" src=\"https:\/\/www.sgs-motorsport.ch\/wp-content\/uploads\/20.jpg\" alt=\"\" width=\"459\" height=\"345\" srcset=\"https:\/\/www.sgs-motorsport.ch\/wp-content\/uploads\/20.jpg 459w, https:\/\/www.sgs-motorsport.ch\/wp-content\/uploads\/20-300x225.jpg 300w\" sizes=\"auto, (max-width: 459px) 100vw, 459px\" \/><\/a><\/p>\n<p><a href=\"https:\/\/www.sgs-motorsport.ch\/?attachment_id=199\" rel=\"attachment wp-att-199\"><img loading=\"lazy\" decoding=\"async\" class=\"alignnone size-full wp-image-199\" title=\"21\" src=\"https:\/\/www.sgs-motorsport.ch\/wp-content\/uploads\/211.jpg\" alt=\"\" width=\"447\" height=\"334\" srcset=\"https:\/\/www.sgs-motorsport.ch\/wp-content\/uploads\/211.jpg 447w, https:\/\/www.sgs-motorsport.ch\/wp-content\/uploads\/211-300x224.jpg 300w\" sizes=\"auto, (max-width: 447px) 100vw, 447px\" \/><\/a><\/p>\n<p>Im Winter 07\/08 ist dann Markus auch irgendwie dem M3 Fieber verfallen und wie es der Zufall will taucht ein wundersch\u00f6ner Gruppe N M3 auf bei einem Bekannten Albert Dobler (dobler-rennsport.ch).<br \/>\n<a href=\"https:\/\/www.sgs-motorsport.ch\/?attachment_id=200\" rel=\"attachment wp-att-200\"><img loading=\"lazy\" decoding=\"async\" class=\"alignnone size-full wp-image-200\" title=\"22\" src=\"https:\/\/www.sgs-motorsport.ch\/wp-content\/uploads\/22.jpg\" alt=\"\" width=\"449\" height=\"336\" srcset=\"https:\/\/www.sgs-motorsport.ch\/wp-content\/uploads\/22.jpg 449w, https:\/\/www.sgs-motorsport.ch\/wp-content\/uploads\/22-300x224.jpg 300w\" sizes=\"auto, (max-width: 449px) 100vw, 449px\" \/><\/a><\/p>\n<p>Der weitere Verlauf unserer Geschichte folgt!<\/p>\n","protected":false},"excerpt":{"rendered":"<p>Januar 2005: Endlich ist eine Schrauberhalle gefunden. Nach jahrelanger Suche und stundenlangen unters Auto kriechen bei Wind und Wetter. Sie sieht so gross aus! Noch\u2026 Das ist das erste Projekt in unserer neuen Hobbywerkstatt. Ein Orig. Fiat Ritmo 125tc Abarth <a class=\"more-link\" href=\"https:\/\/www.sgs-motorsport.ch\/?page_id=149\"><span class=\"screen-reader-text\">  Geschichte<\/span> weiterlesen<span class=\"meta-nav\">&rarr;<\/span><\/a><\/p>\n","protected":false},"author":3,"featured_media":0,"parent":0,"menu_order":3,"comment_status":"open","ping_status":"closed","template":"","meta":{"ngg_post_thumbnail":0,"footnotes":""},"class_list":["post-149","page","type-page","status-publish","hentry"],"aioseo_notices":[],"_links":{"self":[{"href":"https:\/\/www.sgs-motorsport.ch\/index.php?rest_route=\/wp\/v2\/pages\/149","targetHints":{"allow":["GET"]}}],"collection":[{"href":"https:\/\/www.sgs-motorsport.ch\/index.php?rest_route=\/wp\/v2\/pages"}],"about":[{"href":"https:\/\/www.sgs-motorsport.ch\/index.php?rest_route=\/wp\/v2\/types\/page"}],"author":[{"embeddable":true,"href":"https:\/\/www.sgs-motorsport.ch\/index.php?rest_route=\/wp\/v2\/users\/3"}],"replies":[{"embeddable":true,"href":"https:\/\/www.sgs-motorsport.ch\/index.php?rest_route=%2Fwp%2Fv2%2Fcomments&post=149"}],"version-history":[{"count":4,"href":"https:\/\/www.sgs-motorsport.ch\/index.php?rest_route=\/wp\/v2\/pages\/149\/revisions"}],"predecessor-version":[{"id":178,"href":"https:\/\/www.sgs-motorsport.ch\/index.php?rest_route=\/wp\/v2\/pages\/149\/revisions\/178"}],"wp:attachment":[{"href":"https:\/\/www.sgs-motorsport.ch\/index.php?rest_route=%2Fwp%2Fv2%2Fmedia&parent=149"}],"curies":[{"name":"wp","href":"https:\/\/api.w.org\/{rel}","templated":true}]}}